{"id":190,"date":"2014-01-01T19:56:42","date_gmt":"2014-01-01T19:56:42","guid":{"rendered":"http:\/\/epaper.cidadetomar.pt\/?page_id=190"},"modified":"2020-03-27T19:41:28","modified_gmt":"2020-03-27T19:41:28","slug":"demonstracao","status":"publish","type":"page","link":"https:\/\/epaper.cidadetomar.pt\/?page_id=190","title":{"rendered":"Demonstra\u00e7\u00e3o"},"content":{"rendered":"<table width=\"100%\">\n<tbody>\n<tr>\n<td style=\"display: table-cell; vertical-align: top; text-align: center;\" width=\"50%\"><a href=\"https:\/\/pt.calameo.com\/read\/00294456784970e4de228?authid=RBTm6mv5ZmZQ\"><img decoding=\"async\" alt=\"\" src=\"4422.jpg\" width=\"170\" border=\"0\"><\/a><br \/>\n<a style=\"line-height: 1.5em;\" href=\"https:\/\/pt.calameo.com\/read\/00294456784970e4de228?authid=RBTm6mv5ZmZQ\">Vers\u00e3o em e-Paper<\/a><span style=\"line-height: 1.5em;\">&nbsp;|&nbsp;<\/span><a style=\"line-height: 1.5em;\" href=\"http:\/\/epaper.cidadetomar.pt\/demo.pdf\">Vers\u00e3o em PDF<\/a><\/td>\n<td style=\"display: table-cell;\" width=\"50%\">\n<h4><span style=\"font-size: 1.5em; line-height: 1.5em; color: #3366ff;\">Vantagens de assinar a vers\u00e3o e-paper<\/span><\/h4>\n<ul>\n<li>Mais Econ\u00f3mico<\/li>\n<li>Mais Ecol\u00f3gico<\/li>\n<li>Mais C\u00f3modo<\/li>\n<li>Mais R\u00e1pido<\/li>\n<li>Mais Pr\u00e1tico<\/li>\n<li>Vers\u00e3o em PDF e em e-Paper<\/li>\n<\/ul>\n<\/td>\n<\/tr>\n<\/tbody>\n<\/table>\n","protected":false},"excerpt":{"rendered":"<p>Vers\u00e3o em e-Paper&nbsp;|&nbsp;Vers\u00e3o em PDF Vantagens de assinar a vers\u00e3o e-paper Mais Econ\u00f3mico Mais Ecol\u00f3gico Mais C\u00f3modo Mais R\u00e1pido Mais Pr\u00e1tico Vers\u00e3o em PDF e em e-Paper<\/p>\n","protected":false},"author":1,"featured_media":0,"parent":0,"menu_order":0,"comment_status":"closed","ping_status":"closed","template":"","meta":{"footnotes":""},"class_list":["post-190","page","type-page","status-publish","hentry","post"],"_links":{"self":[{"href":"https:\/\/epaper.cidadetomar.pt\/index.php?rest_route=\/wp\/v2\/pages\/190","targetHints":{"allow":["GET"]}}],"collection":[{"href":"https:\/\/epaper.cidadetomar.pt\/index.php?rest_route=\/wp\/v2\/pages"}],"about":[{"href":"https:\/\/epaper.cidadetomar.pt\/index.php?rest_route=\/wp\/v2\/types\/page"}],"author":[{"embeddable":true,"href":"https:\/\/epaper.cidadetomar.pt\/index.php?rest_route=\/wp\/v2\/users\/1"}],"replies":[{"embeddable":true,"href":"https:\/\/epaper.cidadetomar.pt\/index.php?rest_route=%2Fwp%2Fv2%2Fcomments&post=190"}],"version-history":[{"count":5,"href":"https:\/\/epaper.cidadetomar.pt\/index.php?rest_route=\/wp\/v2\/pages\/190\/revisions"}],"predecessor-version":[{"id":1132,"href":"https:\/\/epaper.cidadetomar.pt\/index.php?rest_route=\/wp\/v2\/pages\/190\/revisions\/1132"}],"wp:attachment":[{"href":"https:\/\/epaper.cidadetomar.pt\/index.php?rest_route=%2Fwp%2Fv2%2Fmedia&parent=190"}],"curies":[{"name":"wp","href":"https:\/\/api.w.org\/{rel}","templated":true}]}}